{"id":1511,"date":"2022-06-09T03:52:33","date_gmt":"2022-06-09T03:52:33","guid":{"rendered":"http:\/\/source.wpopal.com\/kitchor\/?page_id=1511"},"modified":"2024-04-29T10:11:58","modified_gmt":"2024-04-29T10:11:58","slug":"portfolio","status":"publish","type":"page","link":"https:\/\/kinna.pt\/en\/portfolio\/","title":{"rendered":"Portf\u00f3lio"},"content":{"rendered":"<div data-elementor-type=\"wp-page\" data-elementor-id=\"1511\" class=\"elementor elementor-1511\">\n\t\t\t\t\t\t<div class=\"elementor-section elementor-top-section elementor-element elementor-element-54a2dbc elementor-section-stretched elementor-section-boxed elementor-section-height-default elementor-section-height-default\" data-id=\"54a2dbc\" data-element_type=\"section\" data-settings=\"{&quot;stretch_section&quot;:&quot;section-stretched&quot;}\">\n\t\t\t\t\t\t<div class=\"elementor-container elementor-column-gap-no\">\n\t\t\t\t\t<div class=\"elementor-column elementor-col-100 elementor-top-column elementor-element elementor-element-1a90e0d\" data-id=\"1a90e0d\" data-element_type=\"column\">\n\t\t\t<div class=\"elementor-widget-wrap elementor-element-populated\">\n\t\t\t\t\t\t<div class=\"elementor-element elementor-element-df65fd2 project-style-1 arrow-style-1 elementor-widget elementor-widget-kitchor-project\" data-id=\"df65fd2\" data-element_type=\"widget\" data-widget_type=\"kitchor-project.default\">\n\t\t\t\t<div class=\"elementor-widget-container\">\n\t\t\t        <ul class=\"elementor-project__filters\" data-related=\"isotope-df65fd2\">\n            <li class=\"elementor-project__filter elementor-active all\"\n                data-filter=\".__all\">All<span class=\"count\"><\/span><\/li>\n                                        <li class=\"elementor-project__filter\"\n                    data-filter=\".casas-de-banho\">Bathrooms                    <span class=\"count\">(2)<\/span><\/li>\n                            <li class=\"elementor-project__filter\"\n                    data-filter=\".cozinhas\">Kitchens                    <span class=\"count\">(17)<\/span><\/li>\n                            <li class=\"elementor-project__filter\"\n                    data-filter=\".projetos-executados\">Projects executed                    <span class=\"count\">(1)<\/span><\/li>\n                            <li class=\"elementor-project__filter\"\n                    data-filter=\".roupeiros\">Wardrobes                    <span class=\"count\">(2)<\/span><\/li>\n                        <li class=\"total\">(22)<\/li>\n        <\/ul>\n                <div class=\"elementor-post-wrapper\">\n            <div class=\"isotope-grid row row\" data-elementor-columns-widescreen=\"3\" data-elementor-columns=\"3\" data-elementor-columns-laptop=\"3\" data-elementor-columns-tablet-extra=\"3\" data-elementor-columns-tablet=\"2\" data-elementor-columns-mobile-extra=\"2\" data-elementor-columns-mobile=\"1\">\n                <div class=\"column-item project-entries __all cozinhas projetos-executados\"><article class=\"project post-16587 kitchor_project type-kitchor_project status-publish has-post-thumbnail hentry kitchor_project_cat-cozinhas kitchor_project_cat-projetos-executados\">\n    <div class=\"project-inner\">\n        <div class=\"project-post-thumbnail\">\n                            <img fetchpriority=\"high\" decoding=\"async\" width=\"850\" height=\"520\" src=\"https:\/\/kinna.pt\/wp-content\/uploads\/2024\/04\/cliente-kinna-850x520.jpg\" class=\"attachment-kitchor-project-grid size-kitchor-project-grid wp-post-image\" alt=\"\" \/>                    <\/div><!-- .post-thumbnail -->\n        <div class=\"project-content\">\n            <h2 class=\"entry-title\"><a href=\"https:\/\/kinna.pt\/en\/project\/cozinha-cliente\/\">Customer Kitchen<\/a><\/h2>\n            <div class=\"project-content-category\">\n                <a href=\"https:\/\/kinna.pt\/en\/project-cat\/cozinhas\/\">Kitchens<\/a>, <a href=\"https:\/\/kinna.pt\/en\/project-cat\/projetos-executados\/\">Projects executed<\/a>            <\/div>\n        <\/div>\n    <\/div>\n<\/article><!-- #post-## -->\n<\/div><div class=\"column-item project-entries __all cozinhas\"><article class=\"project post-16377 kitchor_project type-kitchor_project status-publish has-post-thumbnail hentry kitchor_project_cat-cozinhas\">\n    <div class=\"project-inner\">\n        <div class=\"project-post-thumbnail\">\n                            <img decoding=\"async\" width=\"850\" height=\"520\" src=\"https:\/\/kinna.pt\/wp-content\/uploads\/2024\/04\/cozinha-viena-850x520.jpg\" class=\"attachment-kitchor-project-grid size-kitchor-project-grid wp-post-image\" alt=\"\" \/>                    <\/div><!-- .post-thumbnail -->\n        <div class=\"project-content\">\n            <h2 class=\"entry-title\"><a href=\"https:\/\/kinna.pt\/en\/project\/cozinha-viena\/\">Vienna Kitchen<\/a><\/h2>\n            <div class=\"project-content-category\">\n                <a href=\"https:\/\/kinna.pt\/en\/project-cat\/cozinhas\/\">Kitchens<\/a>            <\/div>\n        <\/div>\n    <\/div>\n<\/article><!-- #post-## -->\n<\/div><div class=\"column-item project-entries __all cozinhas\"><article class=\"project post-16370 kitchor_project type-kitchor_project status-publish has-post-thumbnail hentry kitchor_project_cat-cozinhas\">\n    <div class=\"project-inner\">\n        <div class=\"project-post-thumbnail\">\n                            <img decoding=\"async\" width=\"850\" height=\"520\" src=\"https:\/\/kinna.pt\/wp-content\/uploads\/2024\/04\/cozinha-talin-850x520.jpg\" class=\"attachment-kitchor-project-grid size-kitchor-project-grid wp-post-image\" alt=\"\" \/>                    <\/div><!-- .post-thumbnail -->\n        <div class=\"project-content\">\n            <h2 class=\"entry-title\"><a href=\"https:\/\/kinna.pt\/en\/project\/cozinha-talin\/\">T\u00e1lin Kitchen<\/a><\/h2>\n            <div class=\"project-content-category\">\n                <a href=\"https:\/\/kinna.pt\/en\/project-cat\/cozinhas\/\">Kitchens<\/a>            <\/div>\n        <\/div>\n    <\/div>\n<\/article><!-- #post-## -->\n<\/div><div class=\"column-item project-entries __all cozinhas\"><article class=\"project post-16363 kitchor_project type-kitchor_project status-publish has-post-thumbnail hentry kitchor_project_cat-cozinhas\">\n    <div class=\"project-inner\">\n        <div class=\"project-post-thumbnail\">\n                            <img loading=\"lazy\" decoding=\"async\" width=\"850\" height=\"520\" src=\"https:\/\/kinna.pt\/wp-content\/uploads\/2024\/04\/cozinha-sofia-850x520.jpg\" class=\"attachment-kitchor-project-grid size-kitchor-project-grid wp-post-image\" alt=\"\" \/>                    <\/div><!-- .post-thumbnail -->\n        <div class=\"project-content\">\n            <h2 class=\"entry-title\"><a href=\"https:\/\/kinna.pt\/en\/project\/cozinha-sofia\/\">S\u00f3fia Kitchen<\/a><\/h2>\n            <div class=\"project-content-category\">\n                <a href=\"https:\/\/kinna.pt\/en\/project-cat\/cozinhas\/\">Kitchens<\/a>            <\/div>\n        <\/div>\n    <\/div>\n<\/article><!-- #post-## -->\n<\/div><div class=\"column-item project-entries __all cozinhas\"><article class=\"project post-16356 kitchor_project type-kitchor_project status-publish has-post-thumbnail hentry kitchor_project_cat-cozinhas\">\n    <div class=\"project-inner\">\n        <div class=\"project-post-thumbnail\">\n                            <img loading=\"lazy\" decoding=\"async\" width=\"850\" height=\"520\" src=\"https:\/\/kinna.pt\/wp-content\/uploads\/2024\/04\/cozinha-roma-850x520.jpg\" class=\"attachment-kitchor-project-grid size-kitchor-project-grid wp-post-image\" alt=\"\" \/>                    <\/div><!-- .post-thumbnail -->\n        <div class=\"project-content\">\n            <h2 class=\"entry-title\"><a href=\"https:\/\/kinna.pt\/en\/project\/cozinha-roma\/\">Roma Kitchen<\/a><\/h2>\n            <div class=\"project-content-category\">\n                <a href=\"https:\/\/kinna.pt\/en\/project-cat\/cozinhas\/\">Kitchens<\/a>            <\/div>\n        <\/div>\n    <\/div>\n<\/article><!-- #post-## -->\n<\/div><div class=\"column-item project-entries __all cozinhas\"><article class=\"project post-16348 kitchor_project type-kitchor_project status-publish has-post-thumbnail hentry kitchor_project_cat-cozinhas\">\n    <div class=\"project-inner\">\n        <div class=\"project-post-thumbnail\">\n                            <img loading=\"lazy\" decoding=\"async\" width=\"850\" height=\"520\" src=\"https:\/\/kinna.pt\/wp-content\/uploads\/2024\/04\/cozinha-riga-850x520.jpg\" class=\"attachment-kitchor-project-grid size-kitchor-project-grid wp-post-image\" alt=\"\" \/>                    <\/div><!-- .post-thumbnail -->\n        <div class=\"project-content\">\n            <h2 class=\"entry-title\"><a href=\"https:\/\/kinna.pt\/en\/project\/cozinha-riga\/\">Riga Kitchen<\/a><\/h2>\n            <div class=\"project-content-category\">\n                <a href=\"https:\/\/kinna.pt\/en\/project-cat\/cozinhas\/\">Kitchens<\/a>            <\/div>\n        <\/div>\n    <\/div>\n<\/article><!-- #post-## -->\n<\/div><div class=\"column-item project-entries __all cozinhas\"><article class=\"project post-16341 kitchor_project type-kitchor_project status-publish has-post-thumbnail hentry kitchor_project_cat-cozinhas\">\n    <div class=\"project-inner\">\n        <div class=\"project-post-thumbnail\">\n                            <img loading=\"lazy\" decoding=\"async\" width=\"850\" height=\"520\" src=\"https:\/\/kinna.pt\/wp-content\/uploads\/2024\/04\/cozinha-paris-850x520.jpg\" class=\"attachment-kitchor-project-grid size-kitchor-project-grid wp-post-image\" alt=\"\" \/>                    <\/div><!-- .post-thumbnail -->\n        <div class=\"project-content\">\n            <h2 class=\"entry-title\"><a href=\"https:\/\/kinna.pt\/en\/project\/cozinha-paris\/\">Paris Kitchen<\/a><\/h2>\n            <div class=\"project-content-category\">\n                <a href=\"https:\/\/kinna.pt\/en\/project-cat\/cozinhas\/\">Kitchens<\/a>            <\/div>\n        <\/div>\n    <\/div>\n<\/article><!-- #post-## -->\n<\/div><div class=\"column-item project-entries __all cozinhas\"><article class=\"project post-16334 kitchor_project type-kitchor_project status-publish has-post-thumbnail hentry kitchor_project_cat-cozinhas\">\n    <div class=\"project-inner\">\n        <div class=\"project-post-thumbnail\">\n                            <img loading=\"lazy\" decoding=\"async\" width=\"850\" height=\"520\" src=\"https:\/\/kinna.pt\/wp-content\/uploads\/2024\/04\/cozinha-oslo-850x520.jpg\" class=\"attachment-kitchor-project-grid size-kitchor-project-grid wp-post-image\" alt=\"\" \/>                    <\/div><!-- .post-thumbnail -->\n        <div class=\"project-content\">\n            <h2 class=\"entry-title\"><a href=\"https:\/\/kinna.pt\/en\/project\/cozinha-oslo\/\">Oslo Kitchen<\/a><\/h2>\n            <div class=\"project-content-category\">\n                <a href=\"https:\/\/kinna.pt\/en\/project-cat\/cozinhas\/\">Kitchens<\/a>            <\/div>\n        <\/div>\n    <\/div>\n<\/article><!-- #post-## -->\n<\/div><div class=\"column-item project-entries __all cozinhas\"><article class=\"project post-16324 kitchor_project type-kitchor_project status-publish has-post-thumbnail hentry kitchor_project_cat-cozinhas\">\n    <div class=\"project-inner\">\n        <div class=\"project-post-thumbnail\">\n                            <img loading=\"lazy\" decoding=\"async\" width=\"850\" height=\"520\" src=\"https:\/\/kinna.pt\/wp-content\/uploads\/2024\/04\/cozinha-milao-850x520.jpg\" class=\"attachment-kitchor-project-grid size-kitchor-project-grid wp-post-image\" alt=\"\" \/>                    <\/div><!-- .post-thumbnail -->\n        <div class=\"project-content\">\n            <h2 class=\"entry-title\"><a href=\"https:\/\/kinna.pt\/en\/project\/cozinha-milao\/\">Milan Kitchen<\/a><\/h2>\n            <div class=\"project-content-category\">\n                <a href=\"https:\/\/kinna.pt\/en\/project-cat\/cozinhas\/\">Kitchens<\/a>            <\/div>\n        <\/div>\n    <\/div>\n<\/article><!-- #post-## -->\n<\/div><div class=\"column-item project-entries __all cozinhas\"><article class=\"project post-16318 kitchor_project type-kitchor_project status-publish has-post-thumbnail hentry kitchor_project_cat-cozinhas\">\n    <div class=\"project-inner\">\n        <div class=\"project-post-thumbnail\">\n                            <img loading=\"lazy\" decoding=\"async\" width=\"850\" height=\"520\" src=\"https:\/\/kinna.pt\/wp-content\/uploads\/2024\/04\/cozinha-lisboa-850x520.jpg\" class=\"attachment-kitchor-project-grid size-kitchor-project-grid wp-post-image\" alt=\"\" \/>                    <\/div><!-- .post-thumbnail -->\n        <div class=\"project-content\">\n            <h2 class=\"entry-title\"><a href=\"https:\/\/kinna.pt\/en\/project\/cozinha-lisboa\/\">Lisbon Kitchen<\/a><\/h2>\n            <div class=\"project-content-category\">\n                <a href=\"https:\/\/kinna.pt\/en\/project-cat\/cozinhas\/\">Kitchens<\/a>            <\/div>\n        <\/div>\n    <\/div>\n<\/article><!-- #post-## -->\n<\/div><div class=\"column-item project-entries __all cozinhas\"><article class=\"project post-16309 kitchor_project type-kitchor_project status-publish has-post-thumbnail hentry kitchor_project_cat-cozinhas\">\n    <div class=\"project-inner\">\n        <div class=\"project-post-thumbnail\">\n                            <img loading=\"lazy\" decoding=\"async\" width=\"850\" height=\"520\" src=\"https:\/\/kinna.pt\/wp-content\/uploads\/2024\/04\/cozinha-lima1-850x520.jpg\" class=\"attachment-kitchor-project-grid size-kitchor-project-grid wp-post-image\" alt=\"\" \/>                    <\/div><!-- .post-thumbnail -->\n        <div class=\"project-content\">\n            <h2 class=\"entry-title\"><a href=\"https:\/\/kinna.pt\/en\/project\/cozinha-lima\/\">Lima Kitchen<\/a><\/h2>\n            <div class=\"project-content-category\">\n                <a href=\"https:\/\/kinna.pt\/en\/project-cat\/cozinhas\/\">Kitchens<\/a>            <\/div>\n        <\/div>\n    <\/div>\n<\/article><!-- #post-## -->\n<\/div><div class=\"column-item project-entries __all cozinhas\"><article class=\"project post-16300 kitchor_project type-kitchor_project status-publish has-post-thumbnail hentry kitchor_project_cat-cozinhas\">\n    <div class=\"project-inner\">\n        <div class=\"project-post-thumbnail\">\n                            <img loading=\"lazy\" decoding=\"async\" width=\"850\" height=\"520\" src=\"https:\/\/kinna.pt\/wp-content\/uploads\/2024\/04\/cozinha-hanoi-850x520.jpg\" class=\"attachment-kitchor-project-grid size-kitchor-project-grid wp-post-image\" alt=\"\" \/>                    <\/div><!-- .post-thumbnail -->\n        <div class=\"project-content\">\n            <h2 class=\"entry-title\"><a href=\"https:\/\/kinna.pt\/en\/project\/cozinha-hanoi\/\">Hanoi Kitchen<\/a><\/h2>\n            <div class=\"project-content-category\">\n                <a href=\"https:\/\/kinna.pt\/en\/project-cat\/cozinhas\/\">Kitchens<\/a>            <\/div>\n        <\/div>\n    <\/div>\n<\/article><!-- #post-## -->\n<\/div><div class=\"column-item project-entries __all cozinhas\"><article class=\"project post-16288 kitchor_project type-kitchor_project status-publish has-post-thumbnail hentry kitchor_project_cat-cozinhas\">\n    <div class=\"project-inner\">\n        <div class=\"project-post-thumbnail\">\n                            <img loading=\"lazy\" decoding=\"async\" width=\"850\" height=\"520\" src=\"https:\/\/kinna.pt\/wp-content\/uploads\/2024\/04\/cozinha-florenca-850x520.jpg\" class=\"attachment-kitchor-project-grid size-kitchor-project-grid wp-post-image\" alt=\"\" \/>                    <\/div><!-- .post-thumbnail -->\n        <div class=\"project-content\">\n            <h2 class=\"entry-title\"><a href=\"https:\/\/kinna.pt\/en\/project\/cozinha-florenca\/\">Floren\u00e7a Kitchen<\/a><\/h2>\n            <div class=\"project-content-category\">\n                <a href=\"https:\/\/kinna.pt\/en\/project-cat\/cozinhas\/\">Kitchens<\/a>            <\/div>\n        <\/div>\n    <\/div>\n<\/article><!-- #post-## -->\n<\/div><div class=\"column-item project-entries __all cozinhas\"><article class=\"project post-16277 kitchor_project type-kitchor_project status-publish has-post-thumbnail hentry kitchor_project_cat-cozinhas\">\n    <div class=\"project-inner\">\n        <div class=\"project-post-thumbnail\">\n                            <img loading=\"lazy\" decoding=\"async\" width=\"850\" height=\"520\" src=\"https:\/\/kinna.pt\/wp-content\/uploads\/2024\/04\/cozinha-berna-850x520.jpg\" class=\"attachment-kitchor-project-grid size-kitchor-project-grid wp-post-image\" alt=\"\" \/>                    <\/div><!-- .post-thumbnail -->\n        <div class=\"project-content\">\n            <h2 class=\"entry-title\"><a href=\"https:\/\/kinna.pt\/en\/project\/cozinha-berna\/\">Berna Kitchen<\/a><\/h2>\n            <div class=\"project-content-category\">\n                <a href=\"https:\/\/kinna.pt\/en\/project-cat\/cozinhas\/\">Kitchens<\/a>            <\/div>\n        <\/div>\n    <\/div>\n<\/article><!-- #post-## -->\n<\/div><div class=\"column-item project-entries __all roupeiros\"><article class=\"project post-16100 kitchor_project type-kitchor_project status-publish has-post-thumbnail hentry kitchor_project_cat-roupeiros\">\n    <div class=\"project-inner\">\n        <div class=\"project-post-thumbnail\">\n                            <img loading=\"lazy\" decoding=\"async\" width=\"850\" height=\"520\" src=\"https:\/\/kinna.pt\/wp-content\/uploads\/2024\/04\/roupeiro4-850x520.jpg\" class=\"attachment-kitchor-project-grid size-kitchor-project-grid wp-post-image\" alt=\"\" \/>                    <\/div><!-- .post-thumbnail -->\n        <div class=\"project-content\">\n            <h2 class=\"entry-title\"><a href=\"https:\/\/kinna.pt\/en\/project\/roupeiro-budapest\/\">Budapest Kitchen<\/a><\/h2>\n            <div class=\"project-content-category\">\n                <a href=\"https:\/\/kinna.pt\/en\/project-cat\/roupeiros\/\">Wardrobes<\/a>            <\/div>\n        <\/div>\n    <\/div>\n<\/article><!-- #post-## -->\n<\/div><div class=\"column-item project-entries __all roupeiros\"><article class=\"project post-16091 kitchor_project type-kitchor_project status-publish has-post-thumbnail hentry kitchor_project_cat-roupeiros\">\n    <div class=\"project-inner\">\n        <div class=\"project-post-thumbnail\">\n                            <img loading=\"lazy\" decoding=\"async\" width=\"850\" height=\"520\" src=\"https:\/\/kinna.pt\/wp-content\/uploads\/2024\/04\/roupeiro2-850x520.jpg\" class=\"attachment-kitchor-project-grid size-kitchor-project-grid wp-post-image\" alt=\"\" \/>                    <\/div><!-- .post-thumbnail -->\n        <div class=\"project-content\">\n            <h2 class=\"entry-title\"><a href=\"https:\/\/kinna.pt\/en\/project\/roupeiro-vienna\/\">Vienna Kitchen<\/a><\/h2>\n            <div class=\"project-content-category\">\n                <a href=\"https:\/\/kinna.pt\/en\/project-cat\/roupeiros\/\">Wardrobes<\/a>            <\/div>\n        <\/div>\n    <\/div>\n<\/article><!-- #post-## -->\n<\/div><div class=\"column-item project-entries __all casas-de-banho\"><article class=\"project post-16083 kitchor_project type-kitchor_project status-publish has-post-thumbnail hentry kitchor_project_cat-casas-de-banho\">\n    <div class=\"project-inner\">\n        <div class=\"project-post-thumbnail\">\n                            <img loading=\"lazy\" decoding=\"async\" width=\"850\" height=\"520\" src=\"https:\/\/kinna.pt\/wp-content\/uploads\/2024\/04\/wc-1-850x520.jpg\" class=\"attachment-kitchor-project-grid size-kitchor-project-grid wp-post-image\" alt=\"\" \/>                    <\/div><!-- .post-thumbnail -->\n        <div class=\"project-content\">\n            <h2 class=\"entry-title\"><a href=\"https:\/\/kinna.pt\/en\/project\/casa-de-banho-copenhaga\/\">Copenhaga Bathroom<\/a><\/h2>\n            <div class=\"project-content-category\">\n                <a href=\"https:\/\/kinna.pt\/en\/project-cat\/casas-de-banho\/\">Bathrooms<\/a>            <\/div>\n        <\/div>\n    <\/div>\n<\/article><!-- #post-## -->\n<\/div><div class=\"column-item project-entries __all casas-de-banho\"><article class=\"project post-16076 kitchor_project type-kitchor_project status-publish has-post-thumbnail hentry kitchor_project_cat-casas-de-banho\">\n    <div class=\"project-inner\">\n        <div class=\"project-post-thumbnail\">\n                            <img loading=\"lazy\" decoding=\"async\" width=\"850\" height=\"520\" src=\"https:\/\/kinna.pt\/wp-content\/uploads\/2024\/04\/wc-2-850x520.jpg\" class=\"attachment-kitchor-project-grid size-kitchor-project-grid wp-post-image\" alt=\"\" \/>                    <\/div><!-- .post-thumbnail -->\n        <div class=\"project-content\">\n            <h2 class=\"entry-title\"><a href=\"https:\/\/kinna.pt\/en\/project\/casa-de-banho-roma\/\">Rome Bathroom<\/a><\/h2>\n            <div class=\"project-content-category\">\n                <a href=\"https:\/\/kinna.pt\/en\/project-cat\/casas-de-banho\/\">Bathrooms<\/a>            <\/div>\n        <\/div>\n    <\/div>\n<\/article><!-- #post-## -->\n<\/div><div class=\"column-item project-entries __all cozinhas\"><article class=\"project post-16050 kitchor_project type-kitchor_project status-publish has-post-thumbnail hentry kitchor_project_cat-cozinhas\">\n    <div class=\"project-inner\">\n        <div class=\"project-post-thumbnail\">\n                            <img loading=\"lazy\" decoding=\"async\" width=\"850\" height=\"520\" src=\"https:\/\/kinna.pt\/wp-content\/uploads\/2024\/04\/cozinha-berlim-850x520.jpg\" class=\"attachment-kitchor-project-grid size-kitchor-project-grid wp-post-image\" alt=\"\" \/>                    <\/div><!-- .post-thumbnail -->\n        <div class=\"project-content\">\n            <h2 class=\"entry-title\"><a href=\"https:\/\/kinna.pt\/en\/project\/cozinha-berlim\/\">Berlin Kitchen<\/a><\/h2>\n            <div class=\"project-content-category\">\n                <a href=\"https:\/\/kinna.pt\/en\/project-cat\/cozinhas\/\">Kitchens<\/a>            <\/div>\n        <\/div>\n    <\/div>\n<\/article><!-- #post-## -->\n<\/div><div class=\"column-item project-entries __all cozinhas\"><article class=\"project post-16038 kitchor_project type-kitchor_project status-publish has-post-thumbnail hentry kitchor_project_cat-cozinhas\">\n    <div class=\"project-inner\">\n        <div class=\"project-post-thumbnail\">\n                            <img loading=\"lazy\" decoding=\"async\" width=\"850\" height=\"520\" src=\"https:\/\/kinna.pt\/wp-content\/uploads\/2024\/04\/cozinha-baia-850x520.jpg\" class=\"attachment-kitchor-project-grid size-kitchor-project-grid wp-post-image\" alt=\"\" \/>                    <\/div><!-- .post-thumbnail -->\n        <div class=\"project-content\">\n            <h2 class=\"entry-title\"><a href=\"https:\/\/kinna.pt\/en\/project\/cozinha-baia\/\">Ba\u00eda Kitchen<\/a><\/h2>\n            <div class=\"project-content-category\">\n                <a href=\"https:\/\/kinna.pt\/en\/project-cat\/cozinhas\/\">Kitchens<\/a>            <\/div>\n        <\/div>\n    <\/div>\n<\/article><!-- #post-## -->\n<\/div><div class=\"column-item project-entries __all cozinhas\"><article class=\"project post-1939 kitchor_project type-kitchor_project status-publish has-post-thumbnail hentry kitchor_project_cat-cozinhas\">\n    <div class=\"project-inner\">\n        <div class=\"project-post-thumbnail\">\n                            <img loading=\"lazy\" decoding=\"async\" width=\"850\" height=\"520\" src=\"https:\/\/kinna.pt\/wp-content\/uploads\/2024\/04\/atenas2-850x520.jpg\" class=\"attachment-kitchor-project-grid size-kitchor-project-grid wp-post-image\" alt=\"\" \/>                    <\/div><!-- .post-thumbnail -->\n        <div class=\"project-content\">\n            <h2 class=\"entry-title\"><a href=\"https:\/\/kinna.pt\/en\/project\/cozinhas-atenas\/\">Atenas Kitchen<\/a><\/h2>\n            <div class=\"project-content-category\">\n                <a href=\"https:\/\/kinna.pt\/en\/project-cat\/cozinhas\/\">Kitchens<\/a>            <\/div>\n        <\/div>\n    <\/div>\n<\/article><!-- #post-## -->\n<\/div>            <\/div>\n        <\/div>\n        \t\t<\/div>\n\t\t\t\t<\/div>\n\t\t\t\t<div class=\"elementor-element elementor-element-963d08a elementor-align-center elementor-widget elementor-widget-button\" data-id=\"963d08a\" data-element_type=\"widget\" data-widget_type=\"button.default\">\n\t\t\t\t<div class=\"elementor-widget-container\">\n\t\t\t\t\t<div class=\"elementor-button-wrapper\">\n\t\t\t<a class=\"elementor-button elementor-button-link elementor-size-sm\" href=\"\/en\/project\/\">\n\t\t\t\t\t\t<span class=\"elementor-button-content-wrapper\">\n\t\t\t\t\t\t<span class=\"elementor-button-icon elementor-align-icon-right\">\n\t\t\t\t<i aria-hidden=\"true\" class=\"kitchor-icon- kitchor-icon-long-arrow-right\"><\/i>\t\t\t<\/span>\n\t\t\t\t\t\t\t\t\t<span class=\"elementor-button-text\">See all<\/span>\n\t\t\t\t\t<\/span>\n\t\t\t\t\t<\/a>\n\t\t<\/div>\n\t\t\t\t<\/div>\n\t\t\t\t<\/div>\n\t\t\t\t\t<\/div>\n\t\t<\/div>\n\t\t\t\t\t<\/div>\n\t\t<\/div>\n\t\t\t\t<\/div>","protected":false},"excerpt":{"rendered":"<p>All Casas de banho (2) Cozinhas (17) Projetos executados (1) Roupeiros (2) (22) Cozinha Cliente Cozinhas, Projetos executados Cozinha Viena Cozinhas Cozinha T\u00e1lin Cozinhas Cozinha S\u00f3fia Cozinhas Cozinha Roma Cozinhas Cozinha Riga Cozinhas Cozinha Paris Cozinhas Cozinha Oslo Cozinhas Cozinha Mil\u00e3o Cozinhas Cozinha Lisboa Cozinhas Cozinha Lima Cozinhas Cozinha Hanoi Cozinhas Cozinha Floren\u00e7a Cozinhas Cozinha [&hellip;]<\/p>","protected":false},"author":1,"featured_media":0,"parent":0,"menu_order":0,"comment_status":"closed","ping_status":"closed","template":"","meta":{"inline_featured_image":false,"footnotes":""},"_links":{"self":[{"href":"https:\/\/kinna.pt\/en\/wp-json\/wp\/v2\/pages\/1511"}],"collection":[{"href":"https:\/\/kinna.pt\/en\/wp-json\/wp\/v2\/pages"}],"about":[{"href":"https:\/\/kinna.pt\/en\/wp-json\/wp\/v2\/types\/page"}],"author":[{"embeddable":true,"href":"https:\/\/kinna.pt\/en\/wp-json\/wp\/v2\/users\/1"}],"replies":[{"embeddable":true,"href":"https:\/\/kinna.pt\/en\/wp-json\/wp\/v2\/comments?post=1511"}],"version-history":[{"count":22,"href":"https:\/\/kinna.pt\/en\/wp-json\/wp\/v2\/pages\/1511\/revisions"}],"predecessor-version":[{"id":16632,"href":"https:\/\/kinna.pt\/en\/wp-json\/wp\/v2\/pages\/1511\/revisions\/16632"}],"wp:attachment":[{"href":"https:\/\/kinna.pt\/en\/wp-json\/wp\/v2\/media?parent=1511"}],"curies":[{"name":"wp","href":"https:\/\/api.w.org\/{rel}","templated":true}]}}