{"id":16769,"date":"2024-05-10T17:11:22","date_gmt":"2024-05-10T17:11:22","guid":{"rendered":"https:\/\/kinna.pt\/?page_id=16769"},"modified":"2024-05-10T17:36:53","modified_gmt":"2024-05-10T17:36:53","slug":"aeg","status":"publish","type":"page","link":"https:\/\/kinna.pt\/en\/aeg\/","title":{"rendered":"AEG"},"content":{"rendered":"<div data-elementor-type=\"wp-page\" data-elementor-id=\"16769\" class=\"elementor elementor-16769\">\n\t\t\t\t<div class=\"elementor-element elementor-element-6bd0c38d e-flex e-con-boxed e-con e-parent\" data-id=\"6bd0c38d\" data-element_type=\"container\">\n\t\t\t\t\t<div class=\"e-con-inner\">\n\t\t<div class=\"elementor-element elementor-element-5f5fdb4b e-con-full e-flex e-con e-child\" data-id=\"5f5fdb4b\" data-element_type=\"container\">\n\t\t\t\t<div class=\"elementor-element elementor-element-27161925 elementor-widget elementor-widget-heading\" data-id=\"27161925\" data-element_type=\"widget\" data-widget_type=\"heading.default\">\n\t\t\t\t<div class=\"elementor-widget-container\">\n\t\t\t<style>\/*! elementor - v3.21.0 - 25-04-2024 *\/\n.elementor-heading-title{padding:0;margin:0;line-height:1}.elementor-widget-heading .elementor-heading-title[class*=elementor-size-]>a{color:inherit;font-size:inherit;line-height:inherit}.elementor-widget-heading .elementor-heading-title.elementor-size-small{font-size:15px}.elementor-widget-heading .elementor-heading-title.elementor-size-medium{font-size:19px}.elementor-widget-heading .elementor-heading-title.elementor-size-large{font-size:29px}.elementor-widget-heading .elementor-heading-title.elementor-size-xl{font-size:39px}.elementor-widget-heading .elementor-heading-title.elementor-size-xxl{font-size:59px}<\/style><h2 class=\"elementor-heading-title elementor-size-default\">Innovations that challenge the limits of your kitchen<\/h2>\t\t<\/div>\n\t\t\t\t<\/div>\n\t\t\t\t<div class=\"elementor-element elementor-element-4df6c301 elementor-widget elementor-widget-text-editor\" data-id=\"4df6c301\" data-element_type=\"widget\" data-widget_type=\"text-editor.default\">\n\t\t\t\t<div class=\"elementor-widget-container\">\n\t\t\t<style>\/*! elementor - v3.21.0 - 25-04-2024 *\/\n.elementor-widget-text-editor.elementor-drop-cap-view-stacked .elementor-drop-cap{background-color:#69727d;color:#fff}.elementor-widget-text-editor.elementor-drop-cap-view-framed .elementor-drop-cap{color:#69727d;border:3px solid;background-color:transparent}.elementor-widget-text-editor:not(.elementor-drop-cap-view-default) .elementor-drop-cap{margin-top:8px}.elementor-widget-text-editor:not(.elementor-drop-cap-view-default) .elementor-drop-cap-letter{width:1em;height:1em}.elementor-widget-text-editor .elementor-drop-cap{float:left;text-align:center;line-height:1;font-size:50px}.elementor-widget-text-editor .elementor-drop-cap-letter{display:inline-block}<\/style>\t\t\t\t<p>Our solutions allow you to expand your cooking skills and take flavor to another level.<\/p><p>We encourage curiosity and the discovery of new ingredients and techniques that challenge expectations, while driving a new standard of healthier and more sustainable cooking. In other words, we don't conform to what's reasonable and we believe you shouldn't either.<\/p><p>We create innovations that help make sustainable food your preferred choice.<\/p>\t\t\t\t\t\t<\/div>\n\t\t\t\t<\/div>\n\t\t\t\t<\/div>\n\t\t<div class=\"elementor-element elementor-element-10847e9e e-con-full e-flex e-con e-child\" data-id=\"10847e9e\" data-element_type=\"container\">\n\t\t\t\t<div class=\"elementor-element elementor-element-4cceff38 elementor-widget elementor-widget-image\" data-id=\"4cceff38\" data-element_type=\"widget\" data-widget_type=\"image.default\">\n\t\t\t\t<div class=\"elementor-widget-container\">\n\t\t\t<style>\/*! elementor - v3.21.0 - 25-04-2024 *\/\n.elementor-widget-image{text-align:center}.elementor-widget-image a{display:inline-block}.elementor-widget-image a img[src$=\".svg\"]{width:48px}.elementor-widget-image img{vertical-align:middle;display:inline-block}<\/style>\t\t\t\t\t\t\t\t\t\t<img fetchpriority=\"high\" decoding=\"async\" width=\"850\" height=\"500\" src=\"https:\/\/kinna.pt\/wp-content\/uploads\/2024\/05\/kinna-marca-aeg.jpg\" class=\"attachment-large size-large wp-image-16772\" alt=\"\" srcset=\"https:\/\/kinna.pt\/wp-content\/uploads\/2024\/05\/kinna-marca-aeg.jpg 850w, https:\/\/kinna.pt\/wp-content\/uploads\/2024\/05\/kinna-marca-aeg-300x176.jpg 300w, https:\/\/kinna.pt\/wp-content\/uploads\/2024\/05\/kinna-marca-aeg-768x452.jpg 768w, https:\/\/kinna.pt\/wp-content\/uploads\/2024\/05\/kinna-marca-aeg-800x471.jpg 800w\" sizes=\"(max-width: 850px) 100vw, 850px\" \/>\t\t\t\t\t\t\t\t\t\t\t\t\t<\/div>\n\t\t\t\t<\/div>\n\t\t\t\t<\/div>\n\t\t\t\t\t<\/div>\n\t\t\t\t<\/div>\n\t\t<div class=\"elementor-element elementor-element-1591cf57 e-flex e-con-boxed e-con e-parent\" data-id=\"1591cf57\" data-element_type=\"container\">\n\t\t\t\t\t<div class=\"e-con-inner\">\n\t\t<div class=\"elementor-element elementor-element-61b4cbbc e-con-full e-flex e-con e-child\" data-id=\"61b4cbbc\" data-element_type=\"container\">\n\t\t\t\t<div class=\"elementor-element elementor-element-2433e02 elementor-arrows-position-inside elementor-widget elementor-widget-image-carousel\" data-id=\"2433e02\" data-element_type=\"widget\" data-settings=\"{&quot;slides_to_show&quot;:&quot;2&quot;,&quot;navigation&quot;:&quot;arrows&quot;,&quot;autoplay&quot;:&quot;yes&quot;,&quot;pause_on_hover&quot;:&quot;yes&quot;,&quot;pause_on_interaction&quot;:&quot;yes&quot;,&quot;autoplay_speed&quot;:5000,&quot;infinite&quot;:&quot;yes&quot;,&quot;speed&quot;:500}\" data-widget_type=\"image-carousel.default\">\n\t\t\t\t<div class=\"elementor-widget-container\">\n\t\t\t<style>\/*! elementor - v3.21.0 - 25-04-2024 *\/\n.elementor-widget-image-carousel .swiper,.elementor-widget-image-carousel .swiper-container{position:static}.elementor-widget-image-carousel .swiper-container .swiper-slide figure,.elementor-widget-image-carousel .swiper .swiper-slide figure{line-height:inherit}.elementor-widget-image-carousel .swiper-slide{text-align:center}.elementor-image-carousel-wrapper:not(.swiper-container-initialized):not(.swiper-initialized) .swiper-slide{max-width:calc(100% \/ var(--e-image-carousel-slides-to-show, 3))}<\/style>\t\t<div class=\"elementor-image-carousel-wrapper swiper\" dir=\"ltr\">\n\t\t\t<div class=\"elementor-image-carousel swiper-wrapper\" aria-live=\"off\">\n\t\t\t\t\t\t\t\t<div class=\"swiper-slide\" role=\"group\" aria-roledescription=\"slide\" aria-label=\"1 of 4\"><figure class=\"swiper-slide-inner\"><img decoding=\"async\" class=\"swiper-slide-image\" src=\"https:\/\/kinna.pt\/wp-content\/uploads\/2024\/05\/kinna-marca-aeg-fornos.jpg\" alt=\"kinna-marca-aeg-fornos\" \/><\/figure><\/div><div class=\"swiper-slide\" role=\"group\" aria-roledescription=\"slide\" aria-label=\"2 of 4\"><figure class=\"swiper-slide-inner\"><img decoding=\"async\" class=\"swiper-slide-image\" src=\"https:\/\/kinna.pt\/wp-content\/uploads\/2024\/05\/kinna-marca-aeg-fornos1.jpg\" alt=\"kinna-marca-aeg-fornos1\" \/><\/figure><\/div><div class=\"swiper-slide\" role=\"group\" aria-roledescription=\"slide\" aria-label=\"3 of 4\"><figure class=\"swiper-slide-inner\"><img decoding=\"async\" class=\"swiper-slide-image\" src=\"https:\/\/kinna.pt\/wp-content\/uploads\/2024\/05\/kinna-marca-aeg-fornos2.jpg\" alt=\"kinna-marca-aeg-fornos2\" \/><\/figure><\/div><div class=\"swiper-slide\" role=\"group\" aria-roledescription=\"slide\" aria-label=\"4 of 4\"><figure class=\"swiper-slide-inner\"><img decoding=\"async\" class=\"swiper-slide-image\" src=\"https:\/\/kinna.pt\/wp-content\/uploads\/2024\/05\/kinna-marca-aeg-fornos3.jpg\" alt=\"kinna-marca-aeg-fornos3\" \/><\/figure><\/div>\t\t\t<\/div>\n\t\t\t\t\t\t\t\t\t\t\t\t<div class=\"elementor-swiper-button elementor-swiper-button-prev\" role=\"button\" tabindex=\"0\">\n\t\t\t\t\t\t<svg aria-hidden=\"true\" class=\"e-font-icon-svg e-eicon-chevron-left\" viewbox=\"0 0 1000 1000\" xmlns=\"http:\/\/www.w3.org\/2000\/svg\"><path d=\"M646 125C629 125 613 133 604 142L308 442C296 454 292 471 292 487 292 504 296 521 308 533L604 854C617 867 629 875 646 875 663 875 679 871 692 858 704 846 713 829 713 812 713 796 708 779 692 767L438 487 692 225C700 217 708 204 708 187 708 171 704 154 692 142 675 129 663 125 646 125Z\"><\/path><\/svg>\t\t\t\t\t<\/div>\n\t\t\t\t\t<div class=\"elementor-swiper-button elementor-swiper-button-next\" role=\"button\" tabindex=\"0\">\n\t\t\t\t\t\t<svg aria-hidden=\"true\" class=\"e-font-icon-svg e-eicon-chevron-right\" viewbox=\"0 0 1000 1000\" xmlns=\"http:\/\/www.w3.org\/2000\/svg\"><path d=\"M696 533C708 521 713 504 713 487 713 471 708 454 696 446L400 146C388 133 375 125 354 125 338 125 325 129 313 142 300 154 292 171 292 187 292 204 296 221 308 233L563 492 304 771C292 783 288 800 288 817 288 833 296 850 308 863 321 871 338 875 354 875 371 875 388 867 400 854L696 533Z\"><\/path><\/svg>\t\t\t\t\t<\/div>\n\t\t\t\t\n\t\t\t\t\t\t\t\t\t<\/div>\n\t\t\t\t<\/div>\n\t\t\t\t<\/div>\n\t\t\t\t<\/div>\n\t\t<div class=\"elementor-element elementor-element-1e54b699 e-con-full e-flex e-con e-child\" data-id=\"1e54b699\" data-element_type=\"container\">\n\t\t\t\t<div class=\"elementor-element elementor-element-4f095296 elementor-widget elementor-widget-heading\" data-id=\"4f095296\" data-element_type=\"widget\" data-widget_type=\"heading.default\">\n\t\t\t\t<div class=\"elementor-widget-container\">\n\t\t\t<h2 class=\"elementor-heading-title elementor-size-default\">Ovens<\/h2>\t\t<\/div>\n\t\t\t\t<\/div>\n\t\t\t\t<div class=\"elementor-element elementor-element-3b22e47d elementor-widget elementor-widget-text-editor\" data-id=\"3b22e47d\" data-element_type=\"widget\" data-widget_type=\"text-editor.default\">\n\t\t\t\t<div class=\"elementor-widget-container\">\n\t\t\t\t\t\t\t<p>Our ovens feature the latest technology that enables optimal cooking performance \u2013 a rotary control that offers intuitive control, smart cooking experience for remote management and Steamify for effortless steam cooking.<\/p>\t\t\t\t\t\t<\/div>\n\t\t\t\t<\/div>\n\t\t\t\t<\/div>\n\t\t\t\t\t<\/div>\n\t\t\t\t<\/div>\n\t\t<div class=\"elementor-element elementor-element-1b9b8fa e-flex e-con-boxed e-con e-parent\" data-id=\"1b9b8fa\" data-element_type=\"container\">\n\t\t\t\t\t<div class=\"e-con-inner\">\n\t\t<div class=\"elementor-element elementor-element-7f91dd4 e-con-full e-flex e-con e-child\" data-id=\"7f91dd4\" data-element_type=\"container\">\n\t\t\t\t<div class=\"elementor-element elementor-element-c2c5a68 elementor-widget elementor-widget-heading\" data-id=\"c2c5a68\" data-element_type=\"widget\" data-widget_type=\"heading.default\">\n\t\t\t\t<div class=\"elementor-widget-container\">\n\t\t\t<h2 class=\"elementor-heading-title elementor-size-default\">Hobs<\/h2>\t\t<\/div>\n\t\t\t\t<\/div>\n\t\t\t\t<div class=\"elementor-element elementor-element-7281691 elementor-widget elementor-widget-text-editor\" data-id=\"7281691\" data-element_type=\"widget\" data-widget_type=\"text-editor.default\">\n\t\t\t\t<div class=\"elementor-widget-container\">\n\t\t\t\t\t\t\t<p>Take the guesswork out of your kitchen, meaning you can always create delicious dishes.<\/p><p>SenseCook induction hobs offer innovative technologies with very precise sensors, which include a wide variety of Assisted Cooking techniques, allowing everything from avoiding accidental spills while cooking to Sous-vide cooking.<\/p>\t\t\t\t\t\t<\/div>\n\t\t\t\t<\/div>\n\t\t\t\t<\/div>\n\t\t<div class=\"elementor-element elementor-element-39afa1f e-con-full e-flex e-con e-child\" data-id=\"39afa1f\" data-element_type=\"container\">\n\t\t\t\t<div class=\"elementor-element elementor-element-bcd7f1b elementor-arrows-position-inside elementor-widget elementor-widget-image-carousel\" data-id=\"bcd7f1b\" data-element_type=\"widget\" data-settings=\"{&quot;slides_to_show&quot;:&quot;2&quot;,&quot;navigation&quot;:&quot;arrows&quot;,&quot;autoplay&quot;:&quot;yes&quot;,&quot;pause_on_hover&quot;:&quot;yes&quot;,&quot;pause_on_interaction&quot;:&quot;yes&quot;,&quot;autoplay_speed&quot;:5000,&quot;infinite&quot;:&quot;yes&quot;,&quot;speed&quot;:500}\" data-widget_type=\"image-carousel.default\">\n\t\t\t\t<div class=\"elementor-widget-container\">\n\t\t\t\t\t<div class=\"elementor-image-carousel-wrapper swiper\" dir=\"ltr\">\n\t\t\t<div class=\"elementor-image-carousel swiper-wrapper\" aria-live=\"off\">\n\t\t\t\t\t\t\t\t<div class=\"swiper-slide\" role=\"group\" aria-roledescription=\"slide\" aria-label=\"1 of 5\"><figure class=\"swiper-slide-inner\"><img decoding=\"async\" class=\"swiper-slide-image\" src=\"https:\/\/kinna.pt\/wp-content\/uploads\/2024\/05\/kinna-marca-aeg-placas.jpg\" alt=\"kinna-marca-aeg-placas\" \/><\/figure><\/div><div class=\"swiper-slide\" role=\"group\" aria-roledescription=\"slide\" aria-label=\"2 of 5\"><figure class=\"swiper-slide-inner\"><img decoding=\"async\" class=\"swiper-slide-image\" src=\"https:\/\/kinna.pt\/wp-content\/uploads\/2024\/05\/kinna-marca-aeg-placas1.jpg\" alt=\"kinna-marca-aeg-placas1\" \/><\/figure><\/div><div class=\"swiper-slide\" role=\"group\" aria-roledescription=\"slide\" aria-label=\"3 of 5\"><figure class=\"swiper-slide-inner\"><img decoding=\"async\" class=\"swiper-slide-image\" src=\"https:\/\/kinna.pt\/wp-content\/uploads\/2024\/05\/kinna-marca-aeg-placas2.jpg\" alt=\"kinna-marca-aeg-placas2\" \/><\/figure><\/div><div class=\"swiper-slide\" role=\"group\" aria-roledescription=\"slide\" aria-label=\"4 of 5\"><figure class=\"swiper-slide-inner\"><img decoding=\"async\" class=\"swiper-slide-image\" src=\"https:\/\/kinna.pt\/wp-content\/uploads\/2024\/05\/kinna-marca-aeg-placas3.jpg\" alt=\"kinna-marca-aeg-placas3\" \/><\/figure><\/div><div class=\"swiper-slide\" role=\"group\" aria-roledescription=\"slide\" aria-label=\"5 of 5\"><figure class=\"swiper-slide-inner\"><img decoding=\"async\" class=\"swiper-slide-image\" src=\"https:\/\/kinna.pt\/wp-content\/uploads\/2024\/05\/kinna-marca-aeg-placas4.jpg\" alt=\"kinna-marca-aeg-placas4\" \/><\/figure><\/div>\t\t\t<\/div>\n\t\t\t\t\t\t\t\t\t\t\t\t<div class=\"elementor-swiper-button elementor-swiper-button-prev\" role=\"button\" tabindex=\"0\">\n\t\t\t\t\t\t<svg aria-hidden=\"true\" class=\"e-font-icon-svg e-eicon-chevron-left\" viewbox=\"0 0 1000 1000\" xmlns=\"http:\/\/www.w3.org\/2000\/svg\"><path d=\"M646 125C629 125 613 133 604 142L308 442C296 454 292 471 292 487 292 504 296 521 308 533L604 854C617 867 629 875 646 875 663 875 679 871 692 858 704 846 713 829 713 812 713 796 708 779 692 767L438 487 692 225C700 217 708 204 708 187 708 171 704 154 692 142 675 129 663 125 646 125Z\"><\/path><\/svg>\t\t\t\t\t<\/div>\n\t\t\t\t\t<div class=\"elementor-swiper-button elementor-swiper-button-next\" role=\"button\" tabindex=\"0\">\n\t\t\t\t\t\t<svg aria-hidden=\"true\" class=\"e-font-icon-svg e-eicon-chevron-right\" viewbox=\"0 0 1000 1000\" xmlns=\"http:\/\/www.w3.org\/2000\/svg\"><path d=\"M696 533C708 521 713 504 713 487 713 471 708 454 696 446L400 146C388 133 375 125 354 125 338 125 325 129 313 142 300 154 292 171 292 187 292 204 296 221 308 233L563 492 304 771C292 783 288 800 288 817 288 833 296 850 308 863 321 871 338 875 354 875 371 875 388 867 400 854L696 533Z\"><\/path><\/svg>\t\t\t\t\t<\/div>\n\t\t\t\t\n\t\t\t\t\t\t\t\t\t<\/div>\n\t\t\t\t<\/div>\n\t\t\t\t<\/div>\n\t\t\t\t<\/div>\n\t\t\t\t\t<\/div>\n\t\t\t\t<\/div>\n\t\t\t\t<\/div>","protected":false},"excerpt":{"rendered":"<p>Inova\u00e7\u00f5es que desafiam os limites da sua cozinha As nossas solu\u00e7\u00f5es permitem-lhe expandir as suas habilidades na cozinha e elevar o sabor a outro n\u00edvel. Encorajamos a curiosidade e a descoberta de novos ingredientes e t\u00e9cnicas que desafiem as expetativas, ao mesmo tempo que impulsionamos um novo padr\u00e3o de cozinha mais saud\u00e1vel e sustent\u00e1vel. Por [&hellip;]<\/p>","protected":false},"author":1,"featured_media":0,"parent":0,"menu_order":0,"comment_status":"closed","ping_status":"closed","template":"","meta":{"inline_featured_image":false,"footnotes":""},"_links":{"self":[{"href":"https:\/\/kinna.pt\/en\/wp-json\/wp\/v2\/pages\/16769"}],"collection":[{"href":"https:\/\/kinna.pt\/en\/wp-json\/wp\/v2\/pages"}],"about":[{"href":"https:\/\/kinna.pt\/en\/wp-json\/wp\/v2\/types\/page"}],"author":[{"embeddable":true,"href":"https:\/\/kinna.pt\/en\/wp-json\/wp\/v2\/users\/1"}],"replies":[{"embeddable":true,"href":"https:\/\/kinna.pt\/en\/wp-json\/wp\/v2\/comments?post=16769"}],"version-history":[{"count":10,"href":"https:\/\/kinna.pt\/en\/wp-json\/wp\/v2\/pages\/16769\/revisions"}],"predecessor-version":[{"id":16796,"href":"https:\/\/kinna.pt\/en\/wp-json\/wp\/v2\/pages\/16769\/revisions\/16796"}],"wp:attachment":[{"href":"https:\/\/kinna.pt\/en\/wp-json\/wp\/v2\/media?parent=16769"}],"curies":[{"name":"wp","href":"https:\/\/api.w.org\/{rel}","templated":true}]}}