{"id":17142,"date":"2024-10-04T16:36:00","date_gmt":"2024-10-04T16:36:00","guid":{"rendered":"https:\/\/kinna.pt\/?page_id=17142"},"modified":"2024-10-04T16:39:47","modified_gmt":"2024-10-04T16:39:47","slug":"obrigado-contacto-bora","status":"publish","type":"page","link":"https:\/\/kinna.pt\/en\/obrigado-contacto-bora\/","title":{"rendered":"Obrigado pelo seu contacto"},"content":{"rendered":"<div data-elementor-type=\"wp-page\" data-elementor-id=\"17142\" class=\"elementor elementor-17142\">\n\t\t\t\t<div class=\"elementor-element elementor-element-aed94bd e-flex e-con-boxed e-con e-parent\" data-id=\"aed94bd\" data-element_type=\"container\">\n\t\t\t\t\t<div class=\"e-con-inner\">\n\t\t<div class=\"elementor-element elementor-element-52c6bcf e-con-full e-flex e-con e-child\" data-id=\"52c6bcf\" data-element_type=\"container\">\n\t\t\t\t<div class=\"elementor-element elementor-element-7591dae elementor-widget elementor-widget-heading\" data-id=\"7591dae\" data-element_type=\"widget\" data-widget_type=\"heading.default\">\n\t\t\t\t<div class=\"elementor-widget-container\">\n\t\t\t<style>\/*! elementor - v3.21.0 - 25-04-2024 *\/\n.elementor-heading-title{padding:0;margin:0;line-height:1}.elementor-widget-heading .elementor-heading-title[class*=elementor-size-]>a{color:inherit;font-size:inherit;line-height:inherit}.elementor-widget-heading .elementor-heading-title.elementor-size-small{font-size:15px}.elementor-widget-heading .elementor-heading-title.elementor-size-medium{font-size:19px}.elementor-widget-heading .elementor-heading-title.elementor-size-large{font-size:29px}.elementor-widget-heading .elementor-heading-title.elementor-size-xl{font-size:39px}.elementor-widget-heading .elementor-heading-title.elementor-size-xxl{font-size:59px}<\/style><h2 class=\"elementor-heading-title elementor-size-default\">Daremos feedback assim que poss\u00edvel.<\/h2>\t\t<\/div>\n\t\t\t\t<\/div>\n\t\t\t\t<div class=\"elementor-element elementor-element-02b26a1 elementor-widget elementor-widget-text-editor\" data-id=\"02b26a1\" data-element_type=\"widget\" data-widget_type=\"text-editor.default\">\n\t\t\t\t<div class=\"elementor-widget-container\">\n\t\t\t<style>\/*! elementor - v3.21.0 - 25-04-2024 *\/\n.elementor-widget-text-editor.elementor-drop-cap-view-stacked .elementor-drop-cap{background-color:#69727d;color:#fff}.elementor-widget-text-editor.elementor-drop-cap-view-framed .elementor-drop-cap{color:#69727d;border:3px solid;background-color:transparent}.elementor-widget-text-editor:not(.elementor-drop-cap-view-default) .elementor-drop-cap{margin-top:8px}.elementor-widget-text-editor:not(.elementor-drop-cap-view-default) .elementor-drop-cap-letter{width:1em;height:1em}.elementor-widget-text-editor .elementor-drop-cap{float:left;text-align:center;line-height:1;font-size:50px}.elementor-widget-text-editor .elementor-drop-cap-letter{display:inline-block}<\/style>\t\t\t\t<p><b>O seu parceiro oficial BORA em todo o pais<\/b><\/p><p>A Kinna \u00e9 representante oficial da BORA em todo o pa\u00eds. Conte connosco para aconselhamento, transporte, montagem e apoio t\u00e9cnico p\u00f3s-venda.<\/p>\t\t\t\t\t\t<\/div>\n\t\t\t\t<\/div>\n\t\t\t\t<\/div>\n\t\t<div class=\"elementor-element elementor-element-41cba17 e-con-full e-flex e-con e-child\" data-id=\"41cba17\" data-element_type=\"container\">\n\t\t\t\t<div class=\"elementor-element elementor-element-0807524 elementor-widget elementor-widget-image\" data-id=\"0807524\" data-element_type=\"widget\" data-widget_type=\"image.default\">\n\t\t\t\t<div class=\"elementor-widget-container\">\n\t\t\t<style>\/*! elementor - v3.21.0 - 25-04-2024 *\/\n.elementor-widget-image{text-align:center}.elementor-widget-image a{display:inline-block}.elementor-widget-image a img[src$=\".svg\"]{width:48px}.elementor-widget-image img{vertical-align:middle;display:inline-block}<\/style>\t\t\t\t\t\t\t\t\t\t<img fetchpriority=\"high\" decoding=\"async\" width=\"970\" height=\"800\" src=\"https:\/\/kinna.pt\/wp-content\/uploads\/2024\/10\/kinna-bora-cozinhas5.jpg\" class=\"attachment-large size-large wp-image-17061\" alt=\"\" srcset=\"https:\/\/kinna.pt\/wp-content\/uploads\/2024\/10\/kinna-bora-cozinhas5.jpg 970w, https:\/\/kinna.pt\/wp-content\/uploads\/2024\/10\/kinna-bora-cozinhas5-300x247.jpg 300w, https:\/\/kinna.pt\/wp-content\/uploads\/2024\/10\/kinna-bora-cozinhas5-768x633.jpg 768w, https:\/\/kinna.pt\/wp-content\/uploads\/2024\/10\/kinna-bora-cozinhas5-15x12.jpg 15w, https:\/\/kinna.pt\/wp-content\/uploads\/2024\/10\/kinna-bora-cozinhas5-800x660.jpg 800w\" sizes=\"(max-width: 970px) 100vw, 970px\" \/>\t\t\t\t\t\t\t\t\t\t\t\t\t<\/div>\n\t\t\t\t<\/div>\n\t\t\t\t<\/div>\n\t\t\t\t\t<\/div>\n\t\t\t\t<\/div>\n\t\t\t\t<\/div>","protected":false},"excerpt":{"rendered":"<p>Daremos feedback assim que poss\u00edvel. O seu parceiro oficial BORA em todo o pais A Kinna \u00e9 representante oficial da BORA em todo o pa\u00eds. Conte connosco para aconselhamento, transporte, montagem e apoio t\u00e9cnico p\u00f3s-venda.<\/p>","protected":false},"author":1,"featured_media":0,"parent":0,"menu_order":0,"comment_status":"closed","ping_status":"closed","template":"","meta":{"inline_featured_image":false,"footnotes":""},"_links":{"self":[{"href":"https:\/\/kinna.pt\/en\/wp-json\/wp\/v2\/pages\/17142"}],"collection":[{"href":"https:\/\/kinna.pt\/en\/wp-json\/wp\/v2\/pages"}],"about":[{"href":"https:\/\/kinna.pt\/en\/wp-json\/wp\/v2\/types\/page"}],"author":[{"embeddable":true,"href":"https:\/\/kinna.pt\/en\/wp-json\/wp\/v2\/users\/1"}],"replies":[{"embeddable":true,"href":"https:\/\/kinna.pt\/en\/wp-json\/wp\/v2\/comments?post=17142"}],"version-history":[{"count":4,"href":"https:\/\/kinna.pt\/en\/wp-json\/wp\/v2\/pages\/17142\/revisions"}],"predecessor-version":[{"id":17146,"href":"https:\/\/kinna.pt\/en\/wp-json\/wp\/v2\/pages\/17142\/revisions\/17146"}],"wp:attachment":[{"href":"https:\/\/kinna.pt\/en\/wp-json\/wp\/v2\/media?parent=17142"}],"curies":[{"name":"wp","href":"https:\/\/api.w.org\/{rel}","templated":true}]}}