{"id":17184,"date":"2024-10-04T17:27:42","date_gmt":"2024-10-04T17:27:42","guid":{"rendered":"https:\/\/kinna.pt\/?page_id=17184"},"modified":"2024-10-04T17:31:21","modified_gmt":"2024-10-04T17:31:21","slug":"obrigado-contacto-gaggenau","status":"publish","type":"page","link":"https:\/\/kinna.pt\/en\/obrigado-contacto-gaggenau\/","title":{"rendered":"Obrigado pelo seu contacto"},"content":{"rendered":"<div data-elementor-type=\"wp-page\" data-elementor-id=\"17184\" class=\"elementor elementor-17184\">\n\t\t\t\t<div class=\"elementor-element elementor-element-0ddaf5c e-flex e-con-boxed e-con e-parent\" data-id=\"0ddaf5c\" data-element_type=\"container\">\n\t\t\t\t\t<div class=\"e-con-inner\">\n\t\t<div class=\"elementor-element elementor-element-c150729 e-con-full e-flex e-con e-child\" data-id=\"c150729\" data-element_type=\"container\">\n\t\t\t\t<div class=\"elementor-element elementor-element-ae2a529 elementor-widget elementor-widget-heading\" data-id=\"ae2a529\" data-element_type=\"widget\" data-widget_type=\"heading.default\">\n\t\t\t\t<div class=\"elementor-widget-container\">\n\t\t\t<style>\/*! elementor - v3.21.0 - 25-04-2024 *\/\n.elementor-heading-title{padding:0;margin:0;line-height:1}.elementor-widget-heading .elementor-heading-title[class*=elementor-size-]>a{color:inherit;font-size:inherit;line-height:inherit}.elementor-widget-heading .elementor-heading-title.elementor-size-small{font-size:15px}.elementor-widget-heading .elementor-heading-title.elementor-size-medium{font-size:19px}.elementor-widget-heading .elementor-heading-title.elementor-size-large{font-size:29px}.elementor-widget-heading .elementor-heading-title.elementor-size-xl{font-size:39px}.elementor-widget-heading .elementor-heading-title.elementor-size-xxl{font-size:59px}<\/style><h4 class=\"elementor-heading-title elementor-size-default\">Daremos feedback assim que poss\u00edvel<\/h4>\t\t<\/div>\n\t\t\t\t<\/div>\n\t\t\t\t<div class=\"elementor-element elementor-element-9b124c9 elementor-widget elementor-widget-text-editor\" data-id=\"9b124c9\" data-element_type=\"widget\" data-widget_type=\"text-editor.default\">\n\t\t\t\t<div class=\"elementor-widget-container\">\n\t\t\t<style>\/*! elementor - v3.21.0 - 25-04-2024 *\/\n.elementor-widget-text-editor.elementor-drop-cap-view-stacked .elementor-drop-cap{background-color:#69727d;color:#fff}.elementor-widget-text-editor.elementor-drop-cap-view-framed .elementor-drop-cap{color:#69727d;border:3px solid;background-color:transparent}.elementor-widget-text-editor:not(.elementor-drop-cap-view-default) .elementor-drop-cap{margin-top:8px}.elementor-widget-text-editor:not(.elementor-drop-cap-view-default) .elementor-drop-cap-letter{width:1em;height:1em}.elementor-widget-text-editor .elementor-drop-cap{float:left;text-align:center;line-height:1;font-size:50px}.elementor-widget-text-editor .elementor-drop-cap-letter{display:inline-block}<\/style>\t\t\t\t<p><strong>A Kinna \u00e9 representante oficial da Gaggenau em todo o pa\u00eds. Conte connosco para aconselhamento, transporte, montagem e apoio t\u00e9cnico p\u00f3s-venda.<\/strong><\/p><p>Os aparelhos Gaggenau s\u00e3o concebidos para ter um desempenho excecional que d\u00ea inspira\u00e7\u00e3o ao chef privado para criar obras-primas t\u00e3o bem realizadas como as que saem de uma cozinha profissional.<\/p>\t\t\t\t\t\t<\/div>\n\t\t\t\t<\/div>\n\t\t\t\t<\/div>\n\t\t<div class=\"elementor-element elementor-element-0483b99 e-con-full e-flex e-con e-child\" data-id=\"0483b99\" data-element_type=\"container\">\n\t\t\t\t<div class=\"elementor-element elementor-element-eaea95e elementor-widget elementor-widget-image\" data-id=\"eaea95e\" data-element_type=\"widget\" data-widget_type=\"image.default\">\n\t\t\t\t<div class=\"elementor-widget-container\">\n\t\t\t<style>\/*! elementor - v3.21.0 - 25-04-2024 *\/\n.elementor-widget-image{text-align:center}.elementor-widget-image a{display:inline-block}.elementor-widget-image a img[src$=\".svg\"]{width:48px}.elementor-widget-image img{vertical-align:middle;display:inline-block}<\/style>\t\t\t\t\t\t\t\t\t\t<img fetchpriority=\"high\" decoding=\"async\" width=\"606\" height=\"450\" src=\"https:\/\/kinna.pt\/wp-content\/uploads\/2024\/04\/gaggenau-portugal-forno3.jpg\" class=\"attachment-large size-large wp-image-16444\" alt=\"\" srcset=\"https:\/\/kinna.pt\/wp-content\/uploads\/2024\/04\/gaggenau-portugal-forno3.jpg 606w, https:\/\/kinna.pt\/wp-content\/uploads\/2024\/04\/gaggenau-portugal-forno3-300x223.jpg 300w\" sizes=\"(max-width: 606px) 100vw, 606px\" \/>\t\t\t\t\t\t\t\t\t\t\t\t\t<\/div>\n\t\t\t\t<\/div>\n\t\t\t\t<\/div>\n\t\t\t\t\t<\/div>\n\t\t\t\t<\/div>\n\t\t\t\t<\/div>","protected":false},"excerpt":{"rendered":"<p>Daremos feedback assim que poss\u00edvel A Kinna \u00e9 representante oficial da Gaggenau em todo o pa\u00eds. Conte connosco para aconselhamento, transporte, montagem e apoio t\u00e9cnico p\u00f3s-venda. Os aparelhos Gaggenau s\u00e3o concebidos para ter um desempenho excecional que d\u00ea inspira\u00e7\u00e3o ao chef privado para criar obras-primas t\u00e3o bem realizadas como as que saem de uma cozinha [&hellip;]<\/p>","protected":false},"author":1,"featured_media":0,"parent":0,"menu_order":0,"comment_status":"closed","ping_status":"closed","template":"","meta":{"inline_featured_image":false,"footnotes":""},"_links":{"self":[{"href":"https:\/\/kinna.pt\/en\/wp-json\/wp\/v2\/pages\/17184"}],"collection":[{"href":"https:\/\/kinna.pt\/en\/wp-json\/wp\/v2\/pages"}],"about":[{"href":"https:\/\/kinna.pt\/en\/wp-json\/wp\/v2\/types\/page"}],"author":[{"embeddable":true,"href":"https:\/\/kinna.pt\/en\/wp-json\/wp\/v2\/users\/1"}],"replies":[{"embeddable":true,"href":"https:\/\/kinna.pt\/en\/wp-json\/wp\/v2\/comments?post=17184"}],"version-history":[{"count":4,"href":"https:\/\/kinna.pt\/en\/wp-json\/wp\/v2\/pages\/17184\/revisions"}],"predecessor-version":[{"id":17188,"href":"https:\/\/kinna.pt\/en\/wp-json\/wp\/v2\/pages\/17184\/revisions\/17188"}],"wp:attachment":[{"href":"https:\/\/kinna.pt\/en\/wp-json\/wp\/v2\/media?parent=17184"}],"curies":[{"name":"wp","href":"https:\/\/api.w.org\/{rel}","templated":true}]}}