{"id":17457,"date":"2024-10-28T14:55:25","date_gmt":"2024-10-28T14:55:25","guid":{"rendered":"https:\/\/kinna.pt\/?page_id=17457"},"modified":"2024-10-28T14:59:48","modified_gmt":"2024-10-28T14:59:48","slug":"obrigado-contacto-siemens","status":"publish","type":"page","link":"https:\/\/kinna.pt\/en\/obrigado-contacto-siemens\/","title":{"rendered":"Obrigado pelo contacto"},"content":{"rendered":"<div data-elementor-type=\"wp-page\" data-elementor-id=\"17457\" class=\"elementor elementor-17457\">\n\t\t\t\t<div class=\"elementor-element elementor-element-042145b e-flex e-con-boxed e-con e-parent\" data-id=\"042145b\" data-element_type=\"container\">\n\t\t\t\t\t<div class=\"e-con-inner\">\n\t\t<div class=\"elementor-element elementor-element-0fe3976 e-con-full e-flex e-con e-child\" data-id=\"0fe3976\" data-element_type=\"container\">\n\t\t\t\t<div class=\"elementor-element elementor-element-feeaee9 elementor-widget elementor-widget-heading\" data-id=\"feeaee9\" data-element_type=\"widget\" data-widget_type=\"heading.default\">\n\t\t\t\t<div class=\"elementor-widget-container\">\n\t\t\t<style>\/*! elementor - v3.21.0 - 25-04-2024 *\/\n.elementor-heading-title{padding:0;margin:0;line-height:1}.elementor-widget-heading .elementor-heading-title[class*=elementor-size-]>a{color:inherit;font-size:inherit;line-height:inherit}.elementor-widget-heading .elementor-heading-title.elementor-size-small{font-size:15px}.elementor-widget-heading .elementor-heading-title.elementor-size-medium{font-size:19px}.elementor-widget-heading .elementor-heading-title.elementor-size-large{font-size:29px}.elementor-widget-heading .elementor-heading-title.elementor-size-xl{font-size:39px}.elementor-widget-heading .elementor-heading-title.elementor-size-xxl{font-size:59px}<\/style><h2 class=\"elementor-heading-title elementor-size-default\">Daremos feedback assim que poss\u00edvel.<\/h2>\t\t<\/div>\n\t\t\t\t<\/div>\n\t\t\t\t<div class=\"elementor-element elementor-element-15641df elementor-widget elementor-widget-text-editor\" data-id=\"15641df\" data-element_type=\"widget\" data-widget_type=\"text-editor.default\">\n\t\t\t\t<div class=\"elementor-widget-container\">\n\t\t\t<style>\/*! elementor - v3.21.0 - 25-04-2024 *\/\n.elementor-widget-text-editor.elementor-drop-cap-view-stacked .elementor-drop-cap{background-color:#69727d;color:#fff}.elementor-widget-text-editor.elementor-drop-cap-view-framed .elementor-drop-cap{color:#69727d;border:3px solid;background-color:transparent}.elementor-widget-text-editor:not(.elementor-drop-cap-view-default) .elementor-drop-cap{margin-top:8px}.elementor-widget-text-editor:not(.elementor-drop-cap-view-default) .elementor-drop-cap-letter{width:1em;height:1em}.elementor-widget-text-editor .elementor-drop-cap{float:left;text-align:center;line-height:1;font-size:50px}.elementor-widget-text-editor .elementor-drop-cap-letter{display:inline-block}<\/style>\t\t\t\t<p><strong>O seu parceiro oficial SIEMENS StudioLine em todo o pais.<\/strong><\/p><p>A Kinna \u00e9 representante oficial da Siemens em todo o pa\u00eds. Conte connosco para aconselhamento, transporte, montagem e apoio t\u00e9cnico p\u00f3s-venda.<\/p>\t\t\t\t\t\t<\/div>\n\t\t\t\t<\/div>\n\t\t\t\t<\/div>\n\t\t<div class=\"elementor-element elementor-element-354dc87 e-con-full e-flex e-con e-child\" data-id=\"354dc87\" data-element_type=\"container\">\n\t\t\t\t<div class=\"elementor-element elementor-element-c63a359 elementor-widget elementor-widget-image\" data-id=\"c63a359\" data-element_type=\"widget\" data-widget_type=\"image.default\">\n\t\t\t\t<div class=\"elementor-widget-container\">\n\t\t\t<style>\/*! elementor - v3.21.0 - 25-04-2024 *\/\n.elementor-widget-image{text-align:center}.elementor-widget-image a{display:inline-block}.elementor-widget-image a img[src$=\".svg\"]{width:48px}.elementor-widget-image img{vertical-align:middle;display:inline-block}<\/style>\t\t\t\t\t\t\t\t\t\t<img fetchpriority=\"high\" decoding=\"async\" width=\"980\" height=\"552\" src=\"https:\/\/kinna.pt\/wp-content\/uploads\/2024\/04\/siemens-studioline-portugal.jpg\" class=\"attachment-large size-large wp-image-16421\" alt=\"\" srcset=\"https:\/\/kinna.pt\/wp-content\/uploads\/2024\/04\/siemens-studioline-portugal.jpg 1000w, https:\/\/kinna.pt\/wp-content\/uploads\/2024\/04\/siemens-studioline-portugal-300x169.jpg 300w, https:\/\/kinna.pt\/wp-content\/uploads\/2024\/04\/siemens-studioline-portugal-768x432.jpg 768w, https:\/\/kinna.pt\/wp-content\/uploads\/2024\/04\/siemens-studioline-portugal-800x450.jpg 800w\" sizes=\"(max-width: 980px) 100vw, 980px\" \/>\t\t\t\t\t\t\t\t\t\t\t\t\t<\/div>\n\t\t\t\t<\/div>\n\t\t\t\t<\/div>\n\t\t\t\t\t<\/div>\n\t\t\t\t<\/div>\n\t\t\t\t<\/div>","protected":false},"excerpt":{"rendered":"<p>Daremos feedback assim que poss\u00edvel. O seu parceiro oficial SIEMENS StudioLine em todo o pais. A Kinna \u00e9 representante oficial da Siemens em todo o pa\u00eds. Conte connosco para aconselhamento, transporte, montagem e apoio t\u00e9cnico p\u00f3s-venda.<\/p>","protected":false},"author":1,"featured_media":0,"parent":0,"menu_order":0,"comment_status":"closed","ping_status":"closed","template":"","meta":{"inline_featured_image":false,"footnotes":""},"_links":{"self":[{"href":"https:\/\/kinna.pt\/en\/wp-json\/wp\/v2\/pages\/17457"}],"collection":[{"href":"https:\/\/kinna.pt\/en\/wp-json\/wp\/v2\/pages"}],"about":[{"href":"https:\/\/kinna.pt\/en\/wp-json\/wp\/v2\/types\/page"}],"author":[{"embeddable":true,"href":"https:\/\/kinna.pt\/en\/wp-json\/wp\/v2\/users\/1"}],"replies":[{"embeddable":true,"href":"https:\/\/kinna.pt\/en\/wp-json\/wp\/v2\/comments?post=17457"}],"version-history":[{"count":4,"href":"https:\/\/kinna.pt\/en\/wp-json\/wp\/v2\/pages\/17457\/revisions"}],"predecessor-version":[{"id":17461,"href":"https:\/\/kinna.pt\/en\/wp-json\/wp\/v2\/pages\/17457\/revisions\/17461"}],"wp:attachment":[{"href":"https:\/\/kinna.pt\/en\/wp-json\/wp\/v2\/media?parent=17457"}],"curies":[{"name":"wp","href":"https:\/\/api.w.org\/{rel}","templated":true}]}}