{"id":17484,"date":"2024-10-28T15:32:03","date_gmt":"2024-10-28T15:32:03","guid":{"rendered":"https:\/\/kinna.pt\/?page_id=17484"},"modified":"2024-10-28T15:34:04","modified_gmt":"2024-10-28T15:34:04","slug":"obrigado-contacto-miele","status":"publish","type":"page","link":"https:\/\/kinna.pt\/en\/obrigado-contacto-miele\/","title":{"rendered":"Obrigado pelo contacto"},"content":{"rendered":"<div data-elementor-type=\"wp-page\" data-elementor-id=\"17484\" class=\"elementor elementor-17484\">\n\t\t\t\t<div class=\"elementor-element elementor-element-3f1d071 e-flex e-con-boxed e-con e-parent\" data-id=\"3f1d071\" data-element_type=\"container\">\n\t\t\t\t\t<div class=\"e-con-inner\">\n\t\t<div class=\"elementor-element elementor-element-98154bb e-con-full e-flex e-con e-child\" data-id=\"98154bb\" data-element_type=\"container\">\n\t\t\t\t<div class=\"elementor-element elementor-element-a4ab4ef elementor-widget elementor-widget-heading\" data-id=\"a4ab4ef\" data-element_type=\"widget\" data-widget_type=\"heading.default\">\n\t\t\t\t<div class=\"elementor-widget-container\">\n\t\t\t<style>\/*! elementor - v3.21.0 - 25-04-2024 *\/\n.elementor-heading-title{padding:0;margin:0;line-height:1}.elementor-widget-heading .elementor-heading-title[class*=elementor-size-]>a{color:inherit;font-size:inherit;line-height:inherit}.elementor-widget-heading .elementor-heading-title.elementor-size-small{font-size:15px}.elementor-widget-heading .elementor-heading-title.elementor-size-medium{font-size:19px}.elementor-widget-heading .elementor-heading-title.elementor-size-large{font-size:29px}.elementor-widget-heading .elementor-heading-title.elementor-size-xl{font-size:39px}.elementor-widget-heading .elementor-heading-title.elementor-size-xxl{font-size:59px}<\/style><h2 class=\"elementor-heading-title elementor-size-default\">Daremos feedback assim que poss\u00edvel.<\/h2>\t\t<\/div>\n\t\t\t\t<\/div>\n\t\t\t\t<div class=\"elementor-element elementor-element-3ea1a40 elementor-widget elementor-widget-text-editor\" data-id=\"3ea1a40\" data-element_type=\"widget\" data-widget_type=\"text-editor.default\">\n\t\t\t\t<div class=\"elementor-widget-container\">\n\t\t\t<style>\/*! elementor - v3.21.0 - 25-04-2024 *\/\n.elementor-widget-text-editor.elementor-drop-cap-view-stacked .elementor-drop-cap{background-color:#69727d;color:#fff}.elementor-widget-text-editor.elementor-drop-cap-view-framed .elementor-drop-cap{color:#69727d;border:3px solid;background-color:transparent}.elementor-widget-text-editor:not(.elementor-drop-cap-view-default) .elementor-drop-cap{margin-top:8px}.elementor-widget-text-editor:not(.elementor-drop-cap-view-default) .elementor-drop-cap-letter{width:1em;height:1em}.elementor-widget-text-editor .elementor-drop-cap{float:left;text-align:center;line-height:1;font-size:50px}.elementor-widget-text-editor .elementor-drop-cap-letter{display:inline-block}<\/style>\t\t\t\t<p>O seu parceiro oficial MIELE em todo o pais<\/p><p>A Kinna \u00e9 representante oficial da MIELE em todo o pa\u00eds. Conte connosco para aconselhamento, transporte, montagem e apoio t\u00e9cnico p\u00f3s-venda.<\/p>\t\t\t\t\t\t<\/div>\n\t\t\t\t<\/div>\n\t\t\t\t<\/div>\n\t\t<div class=\"elementor-element elementor-element-b0adac2 e-con-full e-flex e-con e-child\" data-id=\"b0adac2\" data-element_type=\"container\">\n\t\t\t\t<div class=\"elementor-element elementor-element-8872ccf elementor-widget elementor-widget-image\" data-id=\"8872ccf\" data-element_type=\"widget\" data-widget_type=\"image.default\">\n\t\t\t\t<div class=\"elementor-widget-container\">\n\t\t\t<style>\/*! elementor - v3.21.0 - 25-04-2024 *\/\n.elementor-widget-image{text-align:center}.elementor-widget-image a{display:inline-block}.elementor-widget-image a img[src$=\".svg\"]{width:48px}.elementor-widget-image img{vertical-align:middle;display:inline-block}<\/style>\t\t\t\t\t\t\t\t\t\t<img fetchpriority=\"high\" decoding=\"async\" width=\"970\" height=\"554\" src=\"https:\/\/kinna.pt\/wp-content\/uploads\/2024\/05\/kinna-miele1.jpg\" class=\"attachment-large size-large wp-image-16717\" alt=\"\" srcset=\"https:\/\/kinna.pt\/wp-content\/uploads\/2024\/05\/kinna-miele1.jpg 970w, https:\/\/kinna.pt\/wp-content\/uploads\/2024\/05\/kinna-miele1-300x171.jpg 300w, https:\/\/kinna.pt\/wp-content\/uploads\/2024\/05\/kinna-miele1-768x439.jpg 768w, https:\/\/kinna.pt\/wp-content\/uploads\/2024\/05\/kinna-miele1-800x457.jpg 800w\" sizes=\"(max-width: 970px) 100vw, 970px\" \/>\t\t\t\t\t\t\t\t\t\t\t\t\t<\/div>\n\t\t\t\t<\/div>\n\t\t\t\t<\/div>\n\t\t\t\t\t<\/div>\n\t\t\t\t<\/div>\n\t\t\t\t<\/div>","protected":false},"excerpt":{"rendered":"<p>Daremos feedback assim que poss\u00edvel. O seu parceiro oficial MIELE em todo o pais A Kinna \u00e9 representante oficial da MIELE em todo o pa\u00eds. Conte connosco para aconselhamento, transporte, montagem e apoio t\u00e9cnico p\u00f3s-venda.<\/p>","protected":false},"author":1,"featured_media":0,"parent":0,"menu_order":0,"comment_status":"closed","ping_status":"closed","template":"","meta":{"inline_featured_image":false,"footnotes":""},"_links":{"self":[{"href":"https:\/\/kinna.pt\/en\/wp-json\/wp\/v2\/pages\/17484"}],"collection":[{"href":"https:\/\/kinna.pt\/en\/wp-json\/wp\/v2\/pages"}],"about":[{"href":"https:\/\/kinna.pt\/en\/wp-json\/wp\/v2\/types\/page"}],"author":[{"embeddable":true,"href":"https:\/\/kinna.pt\/en\/wp-json\/wp\/v2\/users\/1"}],"replies":[{"embeddable":true,"href":"https:\/\/kinna.pt\/en\/wp-json\/wp\/v2\/comments?post=17484"}],"version-history":[{"count":4,"href":"https:\/\/kinna.pt\/en\/wp-json\/wp\/v2\/pages\/17484\/revisions"}],"predecessor-version":[{"id":17488,"href":"https:\/\/kinna.pt\/en\/wp-json\/wp\/v2\/pages\/17484\/revisions\/17488"}],"wp:attachment":[{"href":"https:\/\/kinna.pt\/en\/wp-json\/wp\/v2\/media?parent=17484"}],"curies":[{"name":"wp","href":"https:\/\/api.w.org\/{rel}","templated":true}]}}