{"id":50,"date":"2022-06-04T03:32:16","date_gmt":"2022-06-04T03:32:16","guid":{"rendered":"http:\/\/source.wpopal.com\/kitchor\/?page_id=50"},"modified":"2024-10-28T15:58:23","modified_gmt":"2024-10-28T15:58:23","slug":"marcas","status":"publish","type":"page","link":"https:\/\/kinna.pt\/en\/marcas\/","title":{"rendered":"Brands"},"content":{"rendered":"<div data-elementor-type=\"wp-page\" data-elementor-id=\"50\" class=\"elementor elementor-50\">\n\t\t\t\t\t\t<div class=\"elementor-section elementor-top-section elementor-element elementor-element-d0631e7 elementor-section-stretched elementor-section-boxed elementor-section-height-default elementor-section-height-default\" data-id=\"d0631e7\" data-element_type=\"section\" data-settings=\"{&quot;stretch_section&quot;:&quot;section-stretched&quot;}\">\n\t\t\t\t\t\t<div class=\"elementor-container elementor-column-gap-no\">\n\t\t\t\t\t<div class=\"elementor-column elementor-col-50 elementor-top-column elementor-element elementor-element-ad33fe0\" data-id=\"ad33fe0\" data-element_type=\"column\">\n\t\t\t<div class=\"elementor-widget-wrap elementor-element-populated\">\n\t\t\t\t\t\t<div class=\"elementor-element elementor-element-66a7963 elementor-widget elementor-widget-image\" data-id=\"66a7963\" data-element_type=\"widget\" data-widget_type=\"image.default\">\n\t\t\t\t<div class=\"elementor-widget-container\">\n\t\t\t<style>\/*! elementor - v3.21.0 - 25-04-2024 *\/\n.elementor-widget-image{text-align:center}.elementor-widget-image a{display:inline-block}.elementor-widget-image a img[src$=\".svg\"]{width:48px}.elementor-widget-image img{vertical-align:middle;display:inline-block}<\/style>\t\t\t\t\t\t\t\t\t\t<img fetchpriority=\"high\" decoding=\"async\" width=\"430\" height=\"620\" src=\"https:\/\/kinna.pt\/wp-content\/uploads\/2024\/04\/kinna-marcas.jpg\" class=\"attachment-full size-full wp-image-16124\" alt=\"\" srcset=\"https:\/\/kinna.pt\/wp-content\/uploads\/2024\/04\/kinna-marcas.jpg 430w, https:\/\/kinna.pt\/wp-content\/uploads\/2024\/04\/kinna-marcas-208x300.jpg 208w\" sizes=\"(max-width: 430px) 100vw, 430px\" \/>\t\t\t\t\t\t\t\t\t\t\t\t\t<\/div>\n\t\t\t\t<\/div>\n\t\t\t\t<div class=\"elementor-element elementor-element-182440c elementor-widget__width-auto elementor-absolute elementor-widget elementor-widget-image\" data-id=\"182440c\" data-element_type=\"widget\" data-settings=\"{&quot;_position&quot;:&quot;absolute&quot;}\" data-widget_type=\"image.default\">\n\t\t\t\t<div class=\"elementor-widget-container\">\n\t\t\t\t\t\t\t\t\t\t\t\t\t<img decoding=\"async\" width=\"624\" height=\"385\" src=\"https:\/\/kinna.pt\/wp-content\/uploads\/2022\/06\/Team_image_02.png\" class=\"attachment-full size-full wp-image-4743\" alt=\"\" srcset=\"https:\/\/kinna.pt\/wp-content\/uploads\/2022\/06\/Team_image_02.png 624w, https:\/\/kinna.pt\/wp-content\/uploads\/2022\/06\/Team_image_02-300x185.png 300w, https:\/\/kinna.pt\/wp-content\/uploads\/2022\/06\/Team_image_02-600x370.png 600w\" sizes=\"(max-width: 624px) 100vw, 624px\" \/>\t\t\t\t\t\t\t\t\t\t\t\t\t<\/div>\n\t\t\t\t<\/div>\n\t\t\t\t\t<\/div>\n\t\t<\/div>\n\t\t\t\t<div class=\"elementor-column elementor-col-50 elementor-top-column elementor-element elementor-element-9d4024a\" data-id=\"9d4024a\" data-element_type=\"column\">\n\t\t\t<div class=\"elementor-widget-wrap elementor-element-populated\">\n\t\t\t\t\t\t<div class=\"elementor-element elementor-element-0d5eb9e elementor-widget elementor-widget-heading\" data-id=\"0d5eb9e\" data-element_type=\"widget\" data-widget_type=\"heading.default\">\n\t\t\t\t<div class=\"elementor-widget-container\">\n\t\t\t<style>\/*! elementor - v3.21.0 - 25-04-2024 *\/\n.elementor-heading-title{padding:0;margin:0;line-height:1}.elementor-widget-heading .elementor-heading-title[class*=elementor-size-]>a{color:inherit;font-size:inherit;line-height:inherit}.elementor-widget-heading .elementor-heading-title.elementor-size-small{font-size:15px}.elementor-widget-heading .elementor-heading-title.elementor-size-medium{font-size:19px}.elementor-widget-heading .elementor-heading-title.elementor-size-large{font-size:29px}.elementor-widget-heading .elementor-heading-title.elementor-size-xl{font-size:39px}.elementor-widget-heading .elementor-heading-title.elementor-size-xxl{font-size:59px}<\/style><h2 class=\"elementor-heading-title elementor-size-default\">reference brands<\/h2>\t\t<\/div>\n\t\t\t\t<\/div>\n\t\t\t\t<div class=\"elementor-element elementor-element-c7d24ea elementor-widget__width-initial elementor-widget elementor-widget-heading\" data-id=\"c7d24ea\" data-element_type=\"widget\" data-widget_type=\"heading.default\">\n\t\t\t\t<div class=\"elementor-widget-container\">\n\t\t\t<h2 class=\"elementor-heading-title elementor-size-default\">The best quality with the best brands<\/h2>\t\t<\/div>\n\t\t\t\t<\/div>\n\t\t\t\t<div class=\"elementor-element elementor-element-306afbf elementor-widget elementor-widget-text-editor\" data-id=\"306afbf\" data-element_type=\"widget\" data-widget_type=\"text-editor.default\">\n\t\t\t\t<div class=\"elementor-widget-container\">\n\t\t\t<style>\/*! elementor - v3.21.0 - 25-04-2024 *\/\n.elementor-widget-text-editor.elementor-drop-cap-view-stacked .elementor-drop-cap{background-color:#69727d;color:#fff}.elementor-widget-text-editor.elementor-drop-cap-view-framed .elementor-drop-cap{color:#69727d;border:3px solid;background-color:transparent}.elementor-widget-text-editor:not(.elementor-drop-cap-view-default) .elementor-drop-cap{margin-top:8px}.elementor-widget-text-editor:not(.elementor-drop-cap-view-default) .elementor-drop-cap-letter{width:1em;height:1em}.elementor-widget-text-editor .elementor-drop-cap{float:left;text-align:center;line-height:1;font-size:50px}.elementor-widget-text-editor .elementor-drop-cap-letter{display:inline-block}<\/style>\t\t\t\t<p>The quality of our work is supported by reference brands in the market.<\/p>\t\t\t\t\t\t<\/div>\n\t\t\t\t<\/div>\n\t\t\t\t<div class=\"elementor-element elementor-element-5901c15 elementor-widget__width-initial elementor-widget elementor-widget-text-editor\" data-id=\"5901c15\" data-element_type=\"widget\" data-widget_type=\"text-editor.default\">\n\t\t\t\t<div class=\"elementor-widget-container\">\n\t\t\t\t\t\t\t<p>Our commitment is to represent only the most prestigious brands, thus guaranteeing final work of exceptional quality. Each brand we choose to be part of our portfolio is carefully selected, based on its consolidated reputation for excellence and innovation.<\/p><p>We ensure that our customers receive the best product the market has to offer. We are committed to exceeding your expectations and providing high-quality solutions that reflect our commitment to excellence in every project.<\/p>\t\t\t\t\t\t<\/div>\n\t\t\t\t<\/div>\n\t\t\t\t\t<\/div>\n\t\t<\/div>\n\t\t\t\t\t<\/div>\n\t\t<\/div>\n\t\t\t\t<div class=\"elementor-section elementor-top-section elementor-element elementor-element-d2cef88 elementor-section-stretched elementor-section-boxed elementor-section-height-default elementor-section-height-default\" data-id=\"d2cef88\" data-element_type=\"section\" data-settings=\"{&quot;stretch_section&quot;:&quot;section-stretched&quot;}\">\n\t\t\t\t\t\t<div class=\"elementor-container elementor-column-gap-no\">\n\t\t\t\t\t<div class=\"elementor-column elementor-col-100 elementor-top-column elementor-element elementor-element-55a0878\" data-id=\"55a0878\" data-element_type=\"column\">\n\t\t\t<div class=\"elementor-widget-wrap elementor-element-populated\">\n\t\t\t\t\t\t<div class=\"elementor-element elementor-element-752787e elementor-widget elementor-widget-heading\" data-id=\"752787e\" data-element_type=\"widget\" data-widget_type=\"heading.default\">\n\t\t\t\t<div class=\"elementor-widget-container\">\n\t\t\t<h2 class=\"elementor-heading-title elementor-size-default\">some reference brands<\/h2>\t\t<\/div>\n\t\t\t\t<\/div>\n\t\t\t\t<div class=\"elementor-element elementor-element-71c296a elementor-widget__width-initial elementor-widget elementor-widget-heading\" data-id=\"71c296a\" data-element_type=\"widget\" data-widget_type=\"heading.default\">\n\t\t\t\t<div class=\"elementor-widget-container\">\n\t\t\t<h2 class=\"elementor-heading-title elementor-size-default\">The best brands for excellent final work.<\/h2>\t\t<\/div>\n\t\t\t\t<\/div>\n\t\t\t\t\t<\/div>\n\t\t<\/div>\n\t\t\t\t\t<\/div>\n\t\t<\/div>\n\t\t<div class=\"elementor-element elementor-element-4ae3f2e e-flex e-con-boxed e-con e-parent\" data-id=\"4ae3f2e\" data-element_type=\"container\">\n\t\t\t\t\t<div class=\"e-con-inner\">\n\t\t\t\t<div class=\"elementor-element elementor-element-a1c6f31 arrow-style-1 elementor-widget elementor-widget-kitchor-image-carousel\" data-id=\"a1c6f31\" data-element_type=\"widget\" data-widget_type=\"kitchor-image-carousel.default\">\n\t\t\t\t<div class=\"elementor-widget-container\">\n\t\t\t            <div class=\"elementor-image-carousel-item-wrapper\">\n                <div class=\"row\" data-elementor-columns-widescreen=\"3\" data-elementor-columns=\"3\" data-elementor-columns-laptop=\"3\" data-elementor-columns-tablet-extra=\"3\" data-elementor-columns-tablet=\"2\" data-elementor-columns-mobile-extra=\"2\" data-elementor-columns-mobile=\"1\">\n                                            <div class=\"column-item\">\n\n                            <a class=\"image-carousel\" href=\"https:\/\/kinna.pt\/en\/cozinha-bora\/\"\n                                target=\"_blank\">\n                                                                                                    <img decoding=\"async\" class=\"image\" src=\"https:\/\/kinna.pt\/wp-content\/uploads\/2024\/04\/kinna-marca-bora.jpg\" alt=\"image\">\n                                                                <span class=\"title\"><\/span>\n                            <\/a>\n\n                        <\/div>\n                                            <div class=\"column-item\">\n\n                            <a class=\"image-carousel\" href=\"https:\/\/kinna.pt\/en\/gaggenau\/\"\n                                target=\"_blank\">\n                                                                                                    <img decoding=\"async\" class=\"image\" src=\"https:\/\/kinna.pt\/wp-content\/uploads\/2024\/04\/kinna-marca-gaggenau.jpg\" alt=\"image\">\n                                                                <span class=\"title\"><\/span>\n                            <\/a>\n\n                        <\/div>\n                                            <div class=\"column-item\">\n\n                            <a class=\"image-carousel\" href=\"https:\/\/kinna.pt\/en\/miele\/\"\n                                target=\"_blank\">\n                                                                                                    <img decoding=\"async\" class=\"image\" src=\"https:\/\/kinna.pt\/wp-content\/uploads\/2024\/04\/kinna-marca-miele.jpg\" alt=\"image\">\n                                                                <span class=\"title\"><\/span>\n                            <\/a>\n\n                        <\/div>\n                                            <div class=\"column-item\">\n\n                            <a class=\"image-carousel\" href=\"https:\/\/kinna.pt\/en\/siemens-studio-line\/\"\n                                target=\"_blank\">\n                                                                                                    <img decoding=\"async\" class=\"image\" src=\"https:\/\/kinna.pt\/wp-content\/uploads\/2024\/04\/kinna-marca-siemens.jpg\" alt=\"image\">\n                                                                <span class=\"title\"><\/span>\n                            <\/a>\n\n                        <\/div>\n                                            <div class=\"column-item\">\n\n                            <a class=\"image-carousel\" href=\"https:\/\/kinna.pt\/en\/smeg\/\"\n                                target=\"_blank\">\n                                                                                                    <img decoding=\"async\" class=\"image\" src=\"https:\/\/kinna.pt\/wp-content\/uploads\/2024\/04\/kinna-marca-smeg.jpg\" alt=\"image\">\n                                                                <span class=\"title\"><\/span>\n                            <\/a>\n\n                        <\/div>\n                                            <div class=\"column-item\">\n\n                            <a class=\"image-carousel\" href=\"https:\/\/kinna.pt\/en\/bertazzoni\/\"\n                                target=\"_blank\">\n                                                                                                    <img decoding=\"async\" class=\"image\" src=\"https:\/\/kinna.pt\/wp-content\/uploads\/2024\/04\/kinna-marca-bertazzoni.jpg\" alt=\"image\">\n                                                                <span class=\"title\"><\/span>\n                            <\/a>\n\n                        <\/div>\n                                            <div class=\"column-item\">\n\n                            <a class=\"image-carousel\" href=\"https:\/\/kinna.pt\/en\/aeg\/\"\n                                target=\"_blank\">\n                                                                                                    <img decoding=\"async\" class=\"image\" src=\"https:\/\/kinna.pt\/wp-content\/uploads\/2024\/04\/kinna-marca-aeg.jpg\" alt=\"image\">\n                                                                <span class=\"title\"><\/span>\n                            <\/a>\n\n                        <\/div>\n                                            <div class=\"column-item\">\n\n                            <a class=\"image-carousel\" href=\"https:\/\/kinna.pt\/en\/elica\/\"\n                                target=\"_blank\">\n                                                                                                    <img decoding=\"async\" class=\"image\" src=\"https:\/\/kinna.pt\/wp-content\/uploads\/2024\/10\/kinna-marca-elica.jpg\" alt=\"image\">\n                                                                <span class=\"title\"><\/span>\n                            <\/a>\n\n                        <\/div>\n                                            <div class=\"column-item\">\n\n                            <a class=\"image-carousel\" href=\"https:\/\/kinna.pt\/en\/quooker\/\"\n                                target=\"_blank\">\n                                                                                                    <img decoding=\"async\" class=\"image\" src=\"https:\/\/kinna.pt\/wp-content\/uploads\/2024\/07\/kinna-marca-quooker.jpg\" alt=\"image\">\n                                                                <span class=\"title\"><\/span>\n                            <\/a>\n\n                        <\/div>\n                                            <div class=\"column-item\">\n\n                            <a class=\"image-carousel\" href=\"https:\/\/kinna.pt\/en\/blanco\/\"\n                                target=\"_blank\">\n                                                                                                    <img decoding=\"async\" class=\"image\" src=\"https:\/\/kinna.pt\/wp-content\/uploads\/2024\/04\/kinna-marca-blanco.jpg\" alt=\"image\">\n                                                                <span class=\"title\"><\/span>\n                            <\/a>\n\n                        <\/div>\n                                            <div class=\"column-item\">\n\n                            <a class=\"image-carousel\" href=\"https:\/\/kinna.pt\/en\/frasa\/\"\n                                target=\"_blank\">\n                                                                                                    <img decoding=\"async\" class=\"image\" src=\"https:\/\/kinna.pt\/wp-content\/uploads\/2024\/04\/kinna-marca-frasa.jpg\" alt=\"image\">\n                                                                <span class=\"title\"><\/span>\n                            <\/a>\n\n                        <\/div>\n                                            <div class=\"column-item\">\n\n                            <a class=\"image-carousel\" href=\"https:\/\/kinna.pt\/en\/silestone\/\"\n                                target=\"_blank\">\n                                                                                                    <img decoding=\"async\" class=\"image\" src=\"https:\/\/kinna.pt\/wp-content\/uploads\/2024\/04\/kinna-marca-silestone.jpg\" alt=\"image\">\n                                                                <span class=\"title\"><\/span>\n                            <\/a>\n\n                        <\/div>\n                                    <\/div>\n            <\/div>\n            \t\t<\/div>\n\t\t\t\t<\/div>\n\t\t\t\t\t<\/div>\n\t\t\t\t<\/div>\n\t\t\t\t<\/div>","protected":false},"excerpt":{"rendered":"<p>marcas de refer\u00eancia A melhor qualidade com as melhores marcas A qualidade do nosso trabalho \u00e9 sustentada com marcas de refer\u00eancia no mercado. O nosso compromisso \u00e9 representar apenas as marcas de maior prest\u00edgio, garantindo assim um trabalho final de qualidade excepcional. Cada marca que escolhemos para fazer parte do nosso portf\u00f3lio \u00e9 selecionada criteriosamente, [&hellip;]<\/p>","protected":false},"author":1,"featured_media":0,"parent":0,"menu_order":0,"comment_status":"closed","ping_status":"closed","template":"template-homepage.php","meta":{"inline_featured_image":false,"footnotes":""},"_links":{"self":[{"href":"https:\/\/kinna.pt\/en\/wp-json\/wp\/v2\/pages\/50"}],"collection":[{"href":"https:\/\/kinna.pt\/en\/wp-json\/wp\/v2\/pages"}],"about":[{"href":"https:\/\/kinna.pt\/en\/wp-json\/wp\/v2\/types\/page"}],"author":[{"embeddable":true,"href":"https:\/\/kinna.pt\/en\/wp-json\/wp\/v2\/users\/1"}],"replies":[{"embeddable":true,"href":"https:\/\/kinna.pt\/en\/wp-json\/wp\/v2\/comments?post=50"}],"version-history":[{"count":73,"href":"https:\/\/kinna.pt\/en\/wp-json\/wp\/v2\/pages\/50\/revisions"}],"predecessor-version":[{"id":17503,"href":"https:\/\/kinna.pt\/en\/wp-json\/wp\/v2\/pages\/50\/revisions\/17503"}],"wp:attachment":[{"href":"https:\/\/kinna.pt\/en\/wp-json\/wp\/v2\/media?parent=50"}],"curies":[{"name":"wp","href":"https:\/\/api.w.org\/{rel}","templated":true}]}}